{"id":23631,"date":"2022-04-01T10:06:17","date_gmt":"2022-04-01T09:06:17","guid":{"rendered":"https:\/\/reseau-orpheon.fr\/the-orpheon-network\/the-permanent-stations-of-the-gnss-orpheon-network\/antenna-calibration-and-stability\/"},"modified":"2022-04-01T10:06:17","modified_gmt":"2022-04-01T09:06:17","slug":"antenna-calibration-and-stability","status":"publish","type":"page","link":"https:\/\/reseau-orpheon.fr\/en\/the-orpheon-network\/the-permanent-stations-of-the-gnss-orpheon-network\/antenna-calibration-and-stability\/","title":{"rendered":"Antenna calibration and stability"},"content":{"rendered":"<p style=\"text-align: justify;\">The antenna masts are designed (diameter and thickness of sheets) to ensure subcentimetric stability of the phase center of the antenna, under all usual weather conditions (dilation under the effect of temperature and vibration under the effect of wind).<\/p>\n<p style=\"text-align: center;\"><img fetchpriority=\"high\" decoding=\"async\" class=\"aligncenter size-full wp-image-547\" title=\"2- Photo calibrationok\" src=\"http:\/\/reseau-orpheon.fr\/wp-content\/uploads\/2012\/08\/2-Photo-calibrationok1.jpg\" alt=\"\" width=\"389\" height=\"600\" srcset=\"https:\/\/reseau-orpheon.fr\/wp-content\/uploads\/2012\/08\/2-Photo-calibrationok1.jpg 389w, https:\/\/reseau-orpheon.fr\/wp-content\/uploads\/2012\/08\/2-Photo-calibrationok1-195x300.jpg 195w, https:\/\/reseau-orpheon.fr\/wp-content\/uploads\/2012\/08\/2-Photo-calibrationok1-16x24.jpg 16w, https:\/\/reseau-orpheon.fr\/wp-content\/uploads\/2012\/08\/2-Photo-calibrationok1-23x36.jpg 23w, https:\/\/reseau-orpheon.fr\/wp-content\/uploads\/2012\/08\/2-Photo-calibrationok1-31x48.jpg 31w\" sizes=\"(max-width: 389px) 100vw, 389px\" \/>\u00a9 geo++<\/p>\n<h2>Proc\u00e9dure de mise en station<\/h2>\n<p style=\"text-align: justify;\">Apr\u00e8s la mise en place d\u00e9finitive d&#8217;une station de r\u00e9f\u00e9rence sur un nouveau site ou bien apr\u00e8s une maintenance, nous obtenons une premi\u00e8re positions approximative de ce site par observations sur une dur\u00e9e minimum de 72 heures. Cette dur\u00e9e permet d&#8217;obtenir les premi\u00e8res coordonn\u00e9es du site. Puis ces observations sont conduites sur un mois afin d&#8217;acqu\u00e9rir les s\u00e9ries temporelles qui serviront au calcul de la position gr\u00e2ce au\u00a0logiciel GNSS Bernese : logiciel de traitement de donn\u00e9es multi-GNSS scientifique de haute pr\u00e9cision d\u00e9velopp\u00e9 \u00e0 l&#8217;\u00a0<a href=\"https:\/\/translate.googleusercontent.com\/translate_c?depth=1&amp;hl=fr&amp;prev=search&amp;rurl=translate.google.fr&amp;sl=en&amp;sp=nmt4&amp;u=http:\/\/www.aiub.unibe.ch\/&amp;usg=ALkJrhhPiiQX_pj6dJUbuYitFTzk80a6tQ\" target=\"_blank\" rel=\"noopener\">Institut astronomique de l&#8217;Universit\u00e9 de Berne<\/a>\u00a0(\u00a0<a href=\"https:\/\/translate.googleusercontent.com\/translate_c?depth=1&amp;hl=fr&amp;prev=search&amp;rurl=translate.google.fr&amp;sl=en&amp;sp=nmt4&amp;u=http:\/\/www.aiub.unibe.ch\/&amp;usg=ALkJrhhPiiQX_pj6dJUbuYitFTzk80a6tQ\" target=\"_blank\" rel=\"noopener\">AIUB<\/a>\u00a0).<\/p>\n<p style=\"text-align: justify;\">L\u2019ensemble des sites est mis en r\u00e9f\u00e9rence dans le RGF93 via une proc\u00e9dure \u00ab\u00a0\u00e9tat de l\u2019art\u00a0\u00bb \u00e0 partir des stations du RGP (R\u00e9seau GNSS permanent). Nous obtenons alors la position et les coordonn\u00e9es tridimensionnelles pr\u00e9cises du site que nous pouvons alors int\u00e9grer au r\u00e9seau pour d\u00e9livrer les services de corrections.<\/p>\n<h2>Param\u00e8tres LAMBERT et mod\u00e8le G\u00e9o\u00efde<\/h2>\n<p style=\"text-align: justify;\">En France m\u00e9tropolitaine et continentale, le syst\u00e8me g\u00e9od\u00e9sique l\u00e9gal est le RGF93v2 qui correspond au syst\u00e8me ETRF2000 \u00e9poque 2009.0.<\/p>\n<p style=\"text-align: justify;\">L&#8217;ensemble des coordonn\u00e9es de nos stations est\u00a0d\u00e9fini dans ce syst\u00e8me. L&#8217;ellipso\u00efde associ\u00e9e est GRS80.<\/p>\n<p style=\"text-align: justify;\">La projection l\u00e9gale est la projection conique conforme Lambert 93 9 zones. Chacune de ces zones couvrent une bande en latitude de 2\u00b0. Les intitul\u00e9es des 9 zones sont :<br \/>\nCC42 \/ CC43 \/ CC44 \/ CC45 \/ CC46 \/ CC47 \/ CC48 \/ CC49 \/ CC50. &#8220;CC&#8221; pour conique conforme suivi de la valeur du parall\u00e8le central de la zone. Par exemple, CC48 couvre une bande en latitude allant du parall\u00e8le 47\u00b0N au parall\u00e8le 49\u00b0N. La d\u00e9finition de ces 9 zones assurent un recouvrement de 1\u00b0 entre chaque zone.<\/p>\n<p>Les param\u00e8tres de ces projections sont :<\/p>\n<p>&#8211; Latitude origine : 42\/43\/&#8230;\/50 suivant la zone consid\u00e9r\u00e9e<br \/>\n&#8211; Parall\u00e8le autom\u00e9co\u00efque 1 : Latitude origine &#8211; 0.75\u00b0<br \/>\n&#8211; Parall\u00e8le autom\u00e9co\u00efque 2 : Latitude origine + 0.75\u00b0<br \/>\n&#8211; M\u00e9ridien origine : 3\u00b0E<br \/>\n&#8211; Coordonn\u00e9es origine : 1 700 000 E ; (1 000 000 x (Latitude origine &#8211; 41\u00b0)) + 200 000 N<\/p>\n<p>En mati\u00e8re d&#8217;altim\u00e9trie, le syst\u00e8me l\u00e9gal est l&#8217;IGN69, un syst\u00e8me d&#8217;altitudes normales. La grille de transformation Hauteurs ellipso\u00efdale &#8211;&gt; Altitude normale est RAF09.<\/p>\n<p>Cette grille est une version am\u00e9lior\u00e9e du quasi-g\u00e9o\u00efde QGF98. Cette grille est disponible au format ASCII \u00e0 : <a href=\"http:\/\/geodesie.ign.fr\/contenu\/fichiers\/documentation\/grilles\/metropole\/RAF09.mnt\" target=\"_blank\" rel=\"noopener\">http:\/\/geodesie.ign.fr\/contenu\/fichiers\/documentation\/grilles\/metropole\/RAF09.mnt<\/a> .<br \/>\nCette m\u00eame grille est disponible au format Trimble (ggf) \u00e0 : \u00a0<a href=\"http:\/\/www.trimble.com\/globalTRLTAB.asp?Nav=Collection-71\" target=\"_blank\" rel=\"noopener\">http:\/\/www.trimble.com\/globalTRLTAB.asp?Nav=Collection-71<\/a> .<\/p>\n<ul>\n<li>Voir le site internet de l\u2019<a href=\"http:\/\/www.ign.fr\/\" target=\"_blank\" rel=\"noopener\">IGN<\/a><\/li>\n<li>Voir le site internet du <a href=\"http:\/\/webrenag.unice.fr\/donnees.php?Page=controle_qualite\" target=\"_blank\" rel=\"noopener\">RENAG (r\u00e9seau national GPS)<\/a><\/li>\n<\/ul>\n<h2>Auto-contr\u00f4le et surveillance 24h\/24<\/h2>\n<p style=\"text-align: justify;\">Au quotidien, nous assurons la surveillance 24h\/24, toute l&#8217;ann\u00e9e, du positionnement de chacune de nos stations de r\u00e9f\u00e9rence \u00e0 l&#8217;aide d&#8217;outils de monitoring int\u00e9gr\u00e9s dans nos plateformes de calcul de corrections (Spider et\/ou TPP).<\/p>\n<p style=\"text-align: justify;\">Le suivi de chacune des stations de r\u00e9f\u00e9rence est ensuite assur\u00e9 \u00e0 \u00e9ch\u00e9ance r\u00e9guli\u00e8re afin de contr\u00f4ler la stabilit\u00e9 des sites. Des proc\u00e9dures de contr\u00f4le qualit\u00e9 interne sont assur\u00e9es r\u00e9guli\u00e8rement.<\/p>\n<p style=\"text-align: justify;\">Sur le terrain, nous contr\u00f4lons et comparons r\u00e9guli\u00e8rement les corrections obtenues du r\u00e9seau en nous positionnant avec un r\u00e9cepteur GNSS mobile, comme le feraient nos clients, sur des points connus tels que les bornes IGN dont les coordonn\u00e9es tridimensionnelles sont connues avec pr\u00e9cision.<\/p>\n<h2>Alertes automatiques<\/h2>\n<p style=\"text-align: justify;\">L&#8217;ensemble du r\u00e9seau est surveill\u00e9 24h\/24 et des alertes sont envoy\u00e9es en temps r\u00e9els \u00e0 notre support technique d\u00e8s lors qu&#8217;un mouvement ou d\u00e9calage d&#8217;une station de r\u00e9f\u00e9rence est observ\u00e9 par le syst\u00e8me. Notre \u00e9quipe est alors en mesure d&#8217;intervenir afin de s&#8217;assurer de maintenir une qualit\u00e9 de service constant dans le temps.<\/p>\n<h2>Mise en r\u00e9f\u00e9rence et contr\u00f4le externe du r\u00e9seau<\/h2>\n<p>L\u2019ensemble des sites du r\u00e9seau Orph\u00e9on est mis en r\u00e9f\u00e9rence dans le RGF93 via une proc\u00e9dure \u00ab\u00a0\u00e9tat de l\u2019art\u00a0\u00bb \u00e0 partir des stations du RGP (R\u00e9seau GNSS permanent).<\/p>\n<p>Leur suivi est ensuite assur\u00e9 \u00e0 \u00e9ch\u00e9ance r\u00e9guli\u00e8re afin de s\u2019assurer de la stabilit\u00e9 des sites. Des proc\u00e9dures de contr\u00f4le qualit\u00e9 externe sont assur\u00e9es r\u00e9guli\u00e8rement.<\/p>\n<p>La mise en r\u00e9f\u00e9rence des sites et \u00a0la surveillance de leur stabilit\u00e9 est assur\u00e9es par le RENAG dans le cadre de l\u2019accord de partenariat.<\/p>\n<p>La mise en r\u00e9f\u00e9rence des sites et la surveillance de leur stabilit\u00e9 est assur\u00e9es par le RENAG dans un partenariat<\/p>\n<h2>En partenariat avec le RENAG<\/h2>\n<p>G\u00e9odata Diffusion est partenaire priv\u00e9 du RENAG (<a href=\"http:\/\/webrenag.unice.fr\/spip.php?article17\" target=\"_blank\" rel=\"noopener\">voir site du RENAG<\/a>)<\/p>\n<p>Le RENAG regroupe un ensemble de laboratoires de recherche et d\u2019organismes d\u2019Etat qui mettent en \u0153uvre et utilisent les mesures GPS continues \u00e0 des fins scientifiques.<\/p>\n<p>Le RENAG est le r\u00e9seau National GNSS des laboratoires de recherche fran\u00e7ais .<\/p>\n<p>Ce r\u00e9seau a vocation de recherche scientifique et d\u2019observation de la Terre en g\u00e9ophysique interne, externe et en g\u00e9od\u00e9sie.\u00a0Observatoire National, mettant en oeuvre et utilisant les mesures GPS continues \u00e0 des fins scientifiques telles que : mesure des faibles d\u00e9formations crustales, \u00e9tude du contenu en vapeur d&#8217;eau de l&#8217;atmosph\u00e8re, \u00e9tude de la surcharge oc\u00e9anique et hydrostatique ou encore \u00e9tude des mouvements gravitaires.<\/p>\n<p>Devenu Service National d\u2019Observation en 2006 il a pour mission d\u2019acqu\u00e9rir, conserver et diss\u00e9miner les donn\u00e9es GNSS permanentes sur le long terme.\u00a0A ce titre, il b\u00e9n\u00e9ficie du soutien financier de l\u2019INSU-CNRS et du minist\u00e8re de l\u2019enseignement sup\u00e9rieur.\u00a0Le RENAG est aujourd\u2019hui une composante majeure du grand \u00e9quipement national fran\u00e7ais RESIF-CORE et contribue \u00e0 travers lui \u00e0 la grande infrastructure europ\u00e9enne de recherche EPOS.\u00a0Il b\u00e9n\u00e9ficie aussi de l\u2019aide mat\u00e9rielle de plusieurs \u00e9tablissements publics tels que l\u2019IGN, le CEA, l\u2019IRSN et le CNES.<\/p>\n<p>Depuis 2011, le RENAG archive et distribue en acc\u00e8s restreint les donn\u00e9es du r\u00e9seau Orpheon du partenaire priv\u00e9 Geodata Diffusion et utilise les donn\u00e9es d&#8217;observation pour ses besoins de recherches scientifiques et universitaires.<\/p>\n<p><img decoding=\"async\" class=\"aligncenter\" src=\"http:\/\/reseau-orpheon.fr\/wp-content\/uploads\/2012\/06\/Carte-Stations-RENAG-ORPHEON.png\" alt=\"null\" \/><\/p>\n","protected":false},"excerpt":{"rendered":"<p>The antenna masts are designed (diameter and thickness of sheets) to ensure subcentimetric stability of the phase center of the antenna, under all usual weather conditions (dilation under the effect of temperature and vibration under the effect of wind). \u00a9 geo++ Proc\u00e9dure de mise en station Apr\u00e8s la mise en place d\u00e9finitive d&#8217;une station de [&hellip;]<\/p>\n","protected":false},"author":3,"featured_media":0,"parent":23629,"menu_order":0,"comment_status":"closed","ping_status":"closed","template":"","meta":{"_acf_changed":false,"footnotes":""},"class_list":["post-23631","page","type-page","status-publish","hentry"],"acf":[],"_links":{"self":[{"href":"https:\/\/reseau-orpheon.fr\/en\/wp-json\/wp\/v2\/pages\/23631","targetHints":{"allow":["GET"]}}],"collection":[{"href":"https:\/\/reseau-orpheon.fr\/en\/wp-json\/wp\/v2\/pages"}],"about":[{"href":"https:\/\/reseau-orpheon.fr\/en\/wp-json\/wp\/v2\/types\/page"}],"author":[{"embeddable":true,"href":"https:\/\/reseau-orpheon.fr\/en\/wp-json\/wp\/v2\/users\/3"}],"replies":[{"embeddable":true,"href":"https:\/\/reseau-orpheon.fr\/en\/wp-json\/wp\/v2\/comments?post=23631"}],"version-history":[{"count":0,"href":"https:\/\/reseau-orpheon.fr\/en\/wp-json\/wp\/v2\/pages\/23631\/revisions"}],"up":[{"embeddable":true,"href":"https:\/\/reseau-orpheon.fr\/en\/wp-json\/wp\/v2\/pages\/23629"}],"wp:attachment":[{"href":"https:\/\/reseau-orpheon.fr\/en\/wp-json\/wp\/v2\/media?parent=23631"}],"curies":[{"name":"wp","href":"https:\/\/api.w.org\/{rel}","templated":true}]}}